{"id":673,"date":"2012-12-04T10:39:25","date_gmt":"2012-12-04T09:39:25","guid":{"rendered":"http:\/\/www.fromrss.com\/?page_id=673"},"modified":"2023-04-28T13:19:15","modified_gmt":"2023-04-28T13:19:15","slug":"gratuit","status":"publish","type":"page","link":"https:\/\/fromrss.com\/index.php\/gratuit\/","title":{"rendered":"Gratuit"},"content":{"rendered":"<p><strong>T\u00e9l\u00e9phonie et visioconf\u00e9rence SIP<\/strong><\/p>\n<p><a title=\"SipML5\" href=\"http:\/\/sipml5.org\/\" target=\"_blank\" rel=\"noopener noreferrer\">SipML5<\/a> &#8211; Client SIP Web \u00e9crit en Javascript, demande l&rsquo;activation de la pile <a title=\"WebRTC Stack\" href=\"http:\/\/code.google.com\/p\/sipml5\/wiki\/Enable_WebRTC_On_Chrome\" target=\"_blank\" rel=\"noopener noreferrer\">WebRTC<\/a><br \/>\n<a title=\"MicroSIP\" href=\"http:\/\/microsip.org.ua\/\" target=\"_blank\" rel=\"noopener noreferrer\">MicroSIP<\/a> &#8211; Client SIP portable pour Windows avec support de la vid\u00e9o H.263+ et H.264.<br \/>\n<a title=\"Xmpp clients\" href=\"http:\/\/xmpp.org\/xmpp-software\/clients\/\" target=\"_blank\" rel=\"noopener noreferrer\">XMPP Jabber<\/a> &#8211; Liste des clients compatible avec le protocole XMPP.<br \/>\n<a title=\"Blink\" href=\"http:\/\/icanblink.com\/\" target=\"_blank\" rel=\"noopener noreferrer\">Blink<\/a> &#8211; Client open source SIP pour Windows, MacOSX, Debian et Ubuntu.<\/p>\n<p><strong>Streaming de musique<\/strong><\/p>\n<p><strong>Transfert de fichiers<\/strong><\/p>\n<p><a href=\"https:\/\/www.fromsmash.com\">Smash<\/a> &#8211; Partage de fichier sans limite de taille, sans enregistrement mais h\u00e9bergement en France<\/p>\n<p><strong>Messagerie<\/strong><\/p>\n<p><strong>H\u00e9bergement Internet<\/strong><\/p>\n<p><a href=\"https:\/\/account.1mb.site\">1Mbsite<\/a> &#8211; Un site internet gratuit taille maxi 1Mb, parfait pour une page unique<\/p>\n<p><strong>Logigiels<\/strong><\/p>\n<p><a href=\"https:\/\/github.com\/Eugeny\/terminus\">Terminus<\/a> &#8211; Probablement le meilleur terminal, avec support cmd, powershell, mais aussi cygwin, Git-bash, WSL.<\/p>\n<p><a href=\"https:\/\/www.ocenaudio.com\/whatis\">Oceanaudio<\/a> &#8211; Editeur audio simple et efficace<\/p>\n<p><a href=\"https:\/\/www.bandizip.com\">Bandizip<\/a> &#8211; Un archiveur qui a du style<\/p>\n<p><a href=\"https:\/\/vivaldi.com\/fr\/\">Vivaldi<\/a> &#8211; Un navigateur rapide avec une interface performante<\/p>\n<p><strong>Radios<\/strong><\/p>\n<p>[sc name=\u00a0\u00bbradio\u00a0\u00bb]<\/p>\n","protected":false},"excerpt":{"rendered":"<p>T\u00e9l\u00e9phonie et visioconf\u00e9rence SIP SipML5 &#8211; Client SIP Web \u00e9crit en Javascript, demande l&rsquo;activation de la pile WebRTC MicroSIP &#8211; Client SIP portable pour Windows avec support de la vid\u00e9o H.263+ et H.264. XMPP Jabber &#8211; Liste des clients compatible avec le protocole XMPP. Blink &#8211; Client open source SIP pour Windows, MacOSX, Debian et [&hellip;]<\/p>\n","protected":false},"author":1,"featured_media":0,"parent":0,"menu_order":447,"comment_status":"open","ping_status":"open","template":"","meta":{"footnotes":""},"class_list":["post-673","page","type-page","status-publish","hentry"],"_links":{"self":[{"href":"https:\/\/fromrss.com\/index.php\/wp-json\/wp\/v2\/pages\/673","targetHints":{"allow":["GET"]}}],"collection":[{"href":"https:\/\/fromrss.com\/index.php\/wp-json\/wp\/v2\/pages"}],"about":[{"href":"https:\/\/fromrss.com\/index.php\/wp-json\/wp\/v2\/types\/page"}],"author":[{"embeddable":true,"href":"https:\/\/fromrss.com\/index.php\/wp-json\/wp\/v2\/users\/1"}],"replies":[{"embeddable":true,"href":"https:\/\/fromrss.com\/index.php\/wp-json\/wp\/v2\/comments?post=673"}],"version-history":[{"count":0,"href":"https:\/\/fromrss.com\/index.php\/wp-json\/wp\/v2\/pages\/673\/revisions"}],"wp:attachment":[{"href":"https:\/\/fromrss.com\/index.php\/wp-json\/wp\/v2\/media?parent=673"}],"curies":[{"name":"wp","href":"https:\/\/api.w.org\/{rel}","templated":true}]}}